{"id":7,"date":"2025-12-09T13:49:06","date_gmt":"2025-12-09T12:49:06","guid":{"rendered":"http:\/\/www.best-vision.com.pl\/?page_id=7"},"modified":"2026-02-26T13:38:54","modified_gmt":"2026-02-26T12:38:54","slug":"strona-glowna","status":"publish","type":"page","link":"http:\/\/www.best-vision.com.pl\/","title":{"rendered":"Strona g\u0142\u00f3wna"},"content":{"rendered":"\n<div class=\"wp-block-cover alignfull is-light main-banner\"><img loading=\"lazy\" decoding=\"async\" width=\"1919\" height=\"1082\" class=\"wp-block-cover__image-background wp-image-149 size-full\" alt=\"\" src=\"http:\/\/www.best-vision.com.pl\/wp-content\/uploads\/2026\/02\/shutterstock_2496135579-1.webp\" data-object-fit=\"cover\" srcset=\"http:\/\/www.best-vision.com.pl\/wp-content\/uploads\/2026\/02\/shutterstock_2496135579-1.webp 1919w, http:\/\/www.best-vision.com.pl\/wp-content\/uploads\/2026\/02\/shutterstock_2496135579-1-300x169.webp 300w, http:\/\/www.best-vision.com.pl\/wp-content\/uploads\/2026\/02\/shutterstock_2496135579-1-1024x577.webp 1024w, http:\/\/www.best-vision.com.pl\/wp-content\/uploads\/2026\/02\/shutterstock_2496135579-1-768x433.webp 768w, http:\/\/www.best-vision.com.pl\/wp-content\/uploads\/2026\/02\/shutterstock_2496135579-1-1536x866.webp 1536w\" sizes=\"auto, (max-width: 1919px) 100vw, 1919px\" \/><span aria-hidden=\"true\" class=\"wp-block-cover__background has-background-dim-0 has-background-dim\"><\/span><div class=\"wp-block-cover__inner-container is-layout-flow wp-block-cover-is-layout-flow\">\n<div class=\"wp-block-columns are-vertically-aligned-center is-layout-flex wp-container-core-columns-is-layout-9d6595d7 wp-block-columns-is-layout-flex\">\n<div class=\"wp-block-column is-vertically-aligned-center is-layout-flow wp-block-column-is-layout-flow\" style=\"padding-right:var(--wp--preset--spacing--20);padding-left:var(--wp--preset--spacing--20);flex-basis:65%\">\n<div style=\"height:80px\" aria-hidden=\"true\" class=\"wp-block-spacer\"><\/div>\n\n\n\n<div style=\"height:100px\" aria-hidden=\"true\" class=\"wp-block-spacer\"><\/div>\n<\/div>\n\n\n\n<div class=\"wp-block-column is-vertically-aligned-center is-layout-flow wp-block-column-is-layout-flow\"><\/div>\n<\/div>\n<\/div><\/div>\n\n\n\n<div style=\"height:40px\" aria-hidden=\"true\" class=\"wp-block-spacer\"><\/div>\n\n\n\n<div class=\"wp-block-cover alignfull is-light\" style=\"min-height:600px;aspect-ratio:unset;\" id=\"o-nas\"><span aria-hidden=\"true\" class=\"wp-block-cover__background has-white-background-color has-background-dim-100 has-background-dim\"><\/span><div class=\"wp-block-cover__inner-container is-layout-flow wp-block-cover-is-layout-flow\">\n<div class=\"wp-block-group\"><div class=\"wp-block-group__inner-container is-layout-flow wp-block-group-is-layout-flow\">\n<div style=\"height:80px\" aria-hidden=\"true\" class=\"wp-block-spacer\"><\/div>\n\n\n\n<div class=\"wp-block-columns are-vertically-aligned-center has-neve-text-color-color has-text-color is-layout-flex wp-container-core-columns-is-layout-9d6595d7 wp-block-columns-is-layout-flex\">\n<div class=\"wp-block-column is-vertically-aligned-center is-layout-flow wp-block-column-is-layout-flow\" style=\"padding-right:var(--wp--preset--spacing--30);padding-left:var(--wp--preset--spacing--30);flex-basis:50%\">\n<figure class=\"wp-block-image size-full has-custom-border\"><img loading=\"lazy\" decoding=\"async\" width=\"1788\" height=\"1788\" src=\"http:\/\/www.best-vision.com.pl\/wp-content\/uploads\/2025\/12\/zlote-pioro-notebook-kalkulator-i-okulary-na-czarnym-biurku.jpg\" alt=\"\" class=\"wp-image-39\" style=\"border-radius:16px\" srcset=\"http:\/\/www.best-vision.com.pl\/wp-content\/uploads\/2025\/12\/zlote-pioro-notebook-kalkulator-i-okulary-na-czarnym-biurku.jpg 1788w, http:\/\/www.best-vision.com.pl\/wp-content\/uploads\/2025\/12\/zlote-pioro-notebook-kalkulator-i-okulary-na-czarnym-biurku-300x300.jpg 300w, http:\/\/www.best-vision.com.pl\/wp-content\/uploads\/2025\/12\/zlote-pioro-notebook-kalkulator-i-okulary-na-czarnym-biurku-1024x1024.jpg 1024w, http:\/\/www.best-vision.com.pl\/wp-content\/uploads\/2025\/12\/zlote-pioro-notebook-kalkulator-i-okulary-na-czarnym-biurku-150x150.jpg 150w, http:\/\/www.best-vision.com.pl\/wp-content\/uploads\/2025\/12\/zlote-pioro-notebook-kalkulator-i-okulary-na-czarnym-biurku-768x768.jpg 768w, http:\/\/www.best-vision.com.pl\/wp-content\/uploads\/2025\/12\/zlote-pioro-notebook-kalkulator-i-okulary-na-czarnym-biurku-1536x1536.jpg 1536w\" sizes=\"auto, (max-width: 1788px) 100vw, 1788px\" \/><\/figure>\n<\/div>\n\n\n\n<div class=\"wp-block-column is-vertically-aligned-center is-layout-flow wp-block-column-is-layout-flow\" style=\"padding-top:0;padding-right:var(--wp--preset--spacing--30);padding-bottom:0;padding-left:var(--wp--preset--spacing--30);flex-basis:50%\">\n<h2 class=\"wp-block-heading has-neve-text-color-color has-text-color\">O NAS<\/h2>\n\n\n\n<p class=\"has-neve-text-color-color has-text-color\">Best-Vision.com.pl Sp. z o.o. polska firma specjalizuj\u0105ca si\u0119 w produkcji <br>i dystrybucji okular\u00f3w przeciws\u0142onecznych oraz Gotowych okular\u00f3w do czytania. Od lat z pasj\u0105 tworzymy produkty, kt\u00f3re \u0142\u0105cz\u0105 modny desing, wysok\u0105 jako\u015b\u0107 i bezpiecze\u0144stwo u\u017cytkowania.<\/p>\n\n\n\n<p>Dzi\u0119ki elastyczno\u015bci i zaanga\u017cowaniu nieustannie rozwijamy nasz\u0105 ofert\u0119, dostosowuj\u0105c j\u0105 do zmieniaj\u0105cych si\u0119 trend\u00f3w oraz potrzeb klient\u00f3w. Nasze kolekcje wyr\u00f3\u017cniaj\u0105 si\u0119 r\u00f3\u017cnorodno\u015bci\u0105 styl\u00f3w \u2013 oferujemy modele dla doros\u0142ych i dzieci, zawsze zgodnie z najnowszymi trendami mody.<\/p>\n\n\n\n<p>Nasze produkty dost\u0119pne s\u0105 w najwi\u0119kszych sieciach handlowych w Polsce. Wszystkie nasze okulary spe\u0142niaj\u0105 wymogi Unii Europejskiej, co gwarantuje ich bezpiecze\u0144stwo i wysok\u0105 jako\u015b\u0107 wykonania.<\/p>\n\n\n\n<p>Opr\u00f3cz szerokiej gamy okular\u00f3w proponujemy r\u00f3wnie\u017c ekspozytory oraz akcesoria optyczne. Wykorzystuj\u0105c nasze do\u015bwiadczenie, realizujemy r\u00f3wnie\u017c produkcj\u0119 innych wyrob\u00f3w dost\u0119pnych w sieciach handlowych.<\/p>\n\n\n\n<p class=\"has-neve-text-color-color has-text-color\">Je\u015bli szukasz solidnego partnera w bran\u017cy optycznej \u2013 zapraszamy do wsp\u00f3\u0142pracy.<\/p>\n<\/div>\n<\/div>\n\n\n\n<div style=\"height:40px\" aria-hidden=\"true\" class=\"wp-block-spacer\"><\/div>\n<\/div><\/div>\n<\/div><\/div>\n\n\n\n<div class=\"wp-block-cover alignfull\" style=\"min-height:600px;aspect-ratio:unset;\" id=\"okulary-przeciwsloneczne\"><span aria-hidden=\"true\" class=\"wp-block-cover__background has-nv-site-bg-background-color has-background-dim-100 has-background-dim\"><\/span><div class=\"wp-block-cover__inner-container is-layout-flow wp-block-cover-is-layout-flow\">\n<div class=\"wp-block-group\"><div class=\"wp-block-group__inner-container is-layout-flow wp-block-group-is-layout-flow\">\n<div style=\"height:80px\" aria-hidden=\"true\" class=\"wp-block-spacer\"><\/div>\n\n\n\n<div class=\"wp-block-columns are-vertically-aligned-center has-neve-text-color-color has-text-color is-layout-flex wp-container-core-columns-is-layout-9d6595d7 wp-block-columns-is-layout-flex\">\n<div class=\"wp-block-column is-vertically-aligned-center is-layout-flow wp-block-column-is-layout-flow\" style=\"padding-top:0;padding-right:var(--wp--preset--spacing--30);padding-bottom:0;padding-left:var(--wp--preset--spacing--30);flex-basis:50%\">\n<h2 class=\"wp-block-heading has-neve-text-color-color has-text-color\"><strong>OKULARY PRZECIWS\u0141ONECZNE<\/strong><\/h2>\n\n\n\n<p class=\"has-neve-text-color-color has-text-color\">Jako wieloletni producent i dystrybutor okular\u00f3w przeciws\u0142onecznych tworzymy kolekcje, kt\u00f3re spe\u0142niaj\u0105 oczekiwania najbardziej wymagaj\u0105cych klient\u00f3w. Ka\u017cdy model powstaje z wykorzystaniem starannie wyselekcjonowanych materia\u0142\u00f3w, gwarantuj\u0105cych komfort noszenia oraz wysok\u0105 odporno\u015b\u0107 na uszkodzenia. Nasze okulary zapewniaj\u0105 wysok\u0105 ochron\u0119 UV, dzi\u0119ki czemu stanowi\u0105 nie tylko modny dodatek ale przede wszystkim bezpieczne rozwi\u0105zanie dla oczu.<\/p>\n\n\n\n<p class=\"has-neve-text-color-color has-text-color\">Regularnie wprowadzamy nowe kolekcje inspirowane \u015bwiatowymi trendami, dost\u0119pne w wariantach dla doros\u0142ych i dzieci.<\/p>\n\n\n\n<div class=\"wp-block-buttons is-layout-flex wp-block-buttons-is-layout-flex\">\n<div class=\"wp-block-button\"><a class=\"wp-block-button__link has-small-font-size has-custom-font-size wp-element-button\" href=\"\/wp-content\/uploads\/2026\/02\/DEKLARACJA-ZGODNOSCI-UE-Best-Vision.com_.pl-Sp.-z-o.o.-Okulary.pdf\">DEKLARACJA ZGODNO\u015aCI UE &#8211; Best-Vision.com.pl Sp. z o.o. Okulary<\/a><\/div>\n<\/div>\n<\/div>\n\n\n\n<div class=\"wp-block-column is-vertically-aligned-center is-layout-flow wp-block-column-is-layout-flow\" style=\"padding-right:var(--wp--preset--spacing--30);padding-left:var(--wp--preset--spacing--30);flex-basis:50%\">\n<figure class=\"wp-block-image size-full has-custom-border\"><img loading=\"lazy\" decoding=\"async\" width=\"1560\" height=\"1040\" src=\"http:\/\/www.best-vision.com.pl\/wp-content\/uploads\/2026\/02\/AdobeStock_304214616.jpg\" alt=\"\" class=\"wp-image-161\" style=\"border-radius:16px\" srcset=\"http:\/\/www.best-vision.com.pl\/wp-content\/uploads\/2026\/02\/AdobeStock_304214616.jpg 1560w, http:\/\/www.best-vision.com.pl\/wp-content\/uploads\/2026\/02\/AdobeStock_304214616-300x200.jpg 300w, http:\/\/www.best-vision.com.pl\/wp-content\/uploads\/2026\/02\/AdobeStock_304214616-1024x683.jpg 1024w, http:\/\/www.best-vision.com.pl\/wp-content\/uploads\/2026\/02\/AdobeStock_304214616-768x512.jpg 768w, http:\/\/www.best-vision.com.pl\/wp-content\/uploads\/2026\/02\/AdobeStock_304214616-1536x1024.jpg 1536w, http:\/\/www.best-vision.com.pl\/wp-content\/uploads\/2026\/02\/AdobeStock_304214616-930x620.jpg 930w\" sizes=\"auto, (max-width: 1560px) 100vw, 1560px\" \/><\/figure>\n<\/div>\n<\/div>\n\n\n\n<div style=\"height:40px\" aria-hidden=\"true\" class=\"wp-block-spacer\"><\/div>\n<\/div><\/div>\n<\/div><\/div>\n\n\n\n<div class=\"wp-block-cover alignfull\" style=\"min-height:600px;aspect-ratio:unset;\" id=\"okulary-do-czytania\"><span aria-hidden=\"true\" class=\"wp-block-cover__background has-nv-site-bg-background-color has-background-dim-100 has-background-dim\"><\/span><div class=\"wp-block-cover__inner-container is-layout-flow wp-block-cover-is-layout-flow\">\n<div class=\"wp-block-group\"><div class=\"wp-block-group__inner-container is-layout-flow wp-block-group-is-layout-flow\">\n<div style=\"height:80px\" aria-hidden=\"true\" class=\"wp-block-spacer\"><\/div>\n\n\n\n<div class=\"wp-block-columns are-vertically-aligned-center has-neve-text-color-color has-text-color is-layout-flex wp-container-core-columns-is-layout-9d6595d7 wp-block-columns-is-layout-flex\">\n<div class=\"wp-block-column is-vertically-aligned-center is-layout-flow wp-block-column-is-layout-flow\" style=\"padding-right:var(--wp--preset--spacing--30);padding-left:var(--wp--preset--spacing--30);flex-basis:50%\">\n<figure class=\"wp-block-image size-full has-custom-border\"><img loading=\"lazy\" decoding=\"async\" width=\"1388\" height=\"2080\" src=\"http:\/\/www.best-vision.com.pl\/wp-content\/uploads\/2026\/02\/adult-woman-sitting-indoors-with-curly-hair-glasses-enjoying-peaceful-afternoon-by-reading-book-cozy.webp\" alt=\"\" class=\"wp-image-157\" style=\"border-radius:16px\" srcset=\"http:\/\/www.best-vision.com.pl\/wp-content\/uploads\/2026\/02\/adult-woman-sitting-indoors-with-curly-hair-glasses-enjoying-peaceful-afternoon-by-reading-book-cozy.webp 1388w, http:\/\/www.best-vision.com.pl\/wp-content\/uploads\/2026\/02\/adult-woman-sitting-indoors-with-curly-hair-glasses-enjoying-peaceful-afternoon-by-reading-book-cozy-200x300.webp 200w, http:\/\/www.best-vision.com.pl\/wp-content\/uploads\/2026\/02\/adult-woman-sitting-indoors-with-curly-hair-glasses-enjoying-peaceful-afternoon-by-reading-book-cozy-683x1024.webp 683w, http:\/\/www.best-vision.com.pl\/wp-content\/uploads\/2026\/02\/adult-woman-sitting-indoors-with-curly-hair-glasses-enjoying-peaceful-afternoon-by-reading-book-cozy-768x1151.webp 768w, http:\/\/www.best-vision.com.pl\/wp-content\/uploads\/2026\/02\/adult-woman-sitting-indoors-with-curly-hair-glasses-enjoying-peaceful-afternoon-by-reading-book-cozy-1025x1536.webp 1025w, http:\/\/www.best-vision.com.pl\/wp-content\/uploads\/2026\/02\/adult-woman-sitting-indoors-with-curly-hair-glasses-enjoying-peaceful-afternoon-by-reading-book-cozy-1367x2048.webp 1367w\" sizes=\"auto, (max-width: 1388px) 100vw, 1388px\" \/><\/figure>\n<\/div>\n\n\n\n<div class=\"wp-block-column is-vertically-aligned-center is-layout-flow wp-block-column-is-layout-flow\" style=\"padding-top:0;padding-right:var(--wp--preset--spacing--30);padding-bottom:0;padding-left:var(--wp--preset--spacing--30);flex-basis:50%\">\n<h2 class=\"wp-block-heading has-neve-text-color-color has-text-color\"><strong>OKULARY DO CZYTANIA<\/strong><\/h2>\n\n\n\n<p class=\"has-neve-text-color-color has-text-color\">Okulary do czytania EyeMedic to po\u0142\u0105czenie solidnej konstrukcji, nowoczesnych technologii oraz wywa\u017conej estetyki. Wykonane z wysokiej jako\u015bci tworzyw sztucznych i element\u00f3w metalowych, zapewniaj\u0105 wygod\u0119 <br>i trwa\u0142o\u015b\u0107 na co dzie\u0144.<\/p>\n\n\n\n<p class=\"has-neve-text-color-color has-text-color\">Kolekcje wyr\u00f3\u017cniaj\u0105 si\u0119 ponadczasow\u0105 elegancj\u0105, dzi\u0119ki czemu ka\u017cdy mo\u017ce znale\u017a\u0107 idealny model dla siebie. Okulary oferujemy w zakresie mocy od +1,00 do +3,50.<\/p>\n\n\n\n<div class=\"wp-block-buttons is-layout-flex wp-block-buttons-is-layout-flex\">\n<div class=\"wp-block-button\"><a class=\"wp-block-button__link has-small-font-size has-custom-font-size wp-element-button\" href=\"\/wp-content\/uploads\/2026\/02\/Wskazowki-dotyczace-uzytkowania-i-konserwacji-EyeMedic.pdf\">Wskaz\u00f3wki dotycz\u0105ce u\u017cytkowania i konserwacji \u2013 EyeMedic<\/a><\/div>\n<\/div>\n<\/div>\n<\/div>\n\n\n\n<div style=\"height:40px\" aria-hidden=\"true\" class=\"wp-block-spacer\"><\/div>\n<\/div><\/div>\n<\/div><\/div>\n\n\n\n<div class=\"wp-block-cover alignfull\" style=\"min-height:600px;aspect-ratio:unset;\"><span aria-hidden=\"true\" class=\"wp-block-cover__background has-nv-site-bg-background-color has-background-dim-100 has-background-dim\"><\/span><div class=\"wp-block-cover__inner-container is-layout-flow wp-block-cover-is-layout-flow\">\n<div class=\"wp-block-group\"><div class=\"wp-block-group__inner-container is-layout-flow wp-block-group-is-layout-flow\">\n<div style=\"height:80px\" aria-hidden=\"true\" class=\"wp-block-spacer\"><\/div>\n\n\n\n<div class=\"wp-block-columns are-vertically-aligned-center has-neve-text-color-color has-text-color is-layout-flex wp-container-core-columns-is-layout-9d6595d7 wp-block-columns-is-layout-flex\">\n<div class=\"wp-block-column is-vertically-aligned-center is-layout-flow wp-block-column-is-layout-flow\" style=\"padding-top:0;padding-right:var(--wp--preset--spacing--30);padding-bottom:0;padding-left:var(--wp--preset--spacing--30);flex-basis:50%\">\n<h2 class=\"wp-block-heading has-neve-text-color-color has-text-color\"><strong><strong>AKCESORIA<\/strong><\/strong><\/h2>\n\n\n\n<p class=\"has-neve-text-color-color has-text-color\">Nasza firma oferuje szeroki wyb\u00f3r akcesori\u00f3w do okular\u00f3w, kt\u00f3re \u0142\u0105cz\u0105 funkcjonalno\u015b\u0107 z estetyk\u0105. W naszej ofercie znajduj\u0105 si\u0119 <strong>mi\u0119kkie etui do okular\u00f3w<\/strong>, idealne do codziennego u\u017cytku, oraz <strong>twarde etui<\/strong>, zapewniaj\u0105ce maksymaln\u0105 ochron\u0119 nawet w wymagaj\u0105cych warunkach. Posiadamy r\u00f3wnie\u017c <strong>specjalne etui dla okular\u00f3w dzieci\u0119cych<\/strong>, stworzone z my\u015bl\u0105 o wygodzie i bezpiecze\u0144stwie najm\u0142odszych u\u017cytkownik\u00f3w.<\/p>\n\n\n\n<p class=\"has-neve-text-color-color has-text-color\">Oferujemy tak\u017ce praktyczne <strong>czy\u015bciki do okular\u00f3w<\/strong>, kt\u00f3re pozwalaj\u0105 utrzyma\u0107 szk\u0142a w doskona\u0142ej czysto\u015bci przez ca\u0142y dzie\u0144.<\/p>\n\n\n\n<p>Na <strong>specjalne zam\u00f3wienie<\/strong> wykonujemy r\u00f3wnie\u017c <strong>etui z nadrukiem okazyjnym<\/strong>, idealne jako wyj\u0105tkowy prezent \u2013 na przyk\u0142ad z okazji Dnia Babci i Dziadka. Dzi\u0119ki personalizacji ka\u017cde etui mo\u017ce sta\u0107 si\u0119 oryginalnym i niepowtarzalnym upominkiem.<\/p>\n<\/div>\n\n\n\n<div class=\"wp-block-column is-vertically-aligned-center is-layout-flow wp-block-column-is-layout-flow\" style=\"padding-right:var(--wp--preset--spacing--30);padding-left:var(--wp--preset--spacing--30);flex-basis:50%\">\n<figure class=\"wp-block-image size-full has-custom-border\"><img loading=\"lazy\" decoding=\"async\" width=\"1920\" height=\"2560\" src=\"http:\/\/www.best-vision.com.pl\/wp-content\/uploads\/2025\/12\/wysoki-kat-widoku-okularow-przeciwslonecznych-na-bialym-scaled.jpg\" alt=\"\" class=\"wp-image-62\" style=\"border-radius:16px\" srcset=\"http:\/\/www.best-vision.com.pl\/wp-content\/uploads\/2025\/12\/wysoki-kat-widoku-okularow-przeciwslonecznych-na-bialym-scaled.jpg 1920w, http:\/\/www.best-vision.com.pl\/wp-content\/uploads\/2025\/12\/wysoki-kat-widoku-okularow-przeciwslonecznych-na-bialym-225x300.jpg 225w, http:\/\/www.best-vision.com.pl\/wp-content\/uploads\/2025\/12\/wysoki-kat-widoku-okularow-przeciwslonecznych-na-bialym-768x1024.jpg 768w, http:\/\/www.best-vision.com.pl\/wp-content\/uploads\/2025\/12\/wysoki-kat-widoku-okularow-przeciwslonecznych-na-bialym-1152x1536.jpg 1152w, http:\/\/www.best-vision.com.pl\/wp-content\/uploads\/2025\/12\/wysoki-kat-widoku-okularow-przeciwslonecznych-na-bialym-1536x2048.jpg 1536w\" sizes=\"auto, (max-width: 1920px) 100vw, 1920px\" \/><\/figure>\n<\/div>\n<\/div>\n\n\n\n<div style=\"height:40px\" aria-hidden=\"true\" class=\"wp-block-spacer\"><\/div>\n<\/div><\/div>\n<\/div><\/div>\n\n\n\n<div class=\"wp-block-cover alignfull\" style=\"min-height:420px;aspect-ratio:unset;\" id=\"kontakt\"><span aria-hidden=\"true\" class=\"wp-block-cover__background has-nv-site-bg-background-color has-background-dim-100 has-background-dim\"><\/span><div class=\"wp-block-cover__inner-container is-layout-flow wp-block-cover-is-layout-flow\">\n<div style=\"height:80px\" aria-hidden=\"true\" class=\"wp-block-spacer\"><\/div>\n\n\n\n<div class=\"wp-block-columns is-layout-flex wp-container-core-columns-is-layout-9d6595d7 wp-block-columns-is-layout-flex\">\n<div class=\"wp-block-column ticss-4ce656f1 is-layout-flow wp-block-column-is-layout-flow\" style=\"padding-right:var(--wp--preset--spacing--30);padding-left:var(--wp--preset--spacing--30)\">\n<div class=\"wp-block-group countur has-nv-site-bg-background-color has-background\" style=\"border-radius:24px\"><div class=\"wp-block-group__inner-container is-layout-flow wp-block-group-is-layout-flow\">\n<div style=\"height:24px\" aria-hidden=\"true\" class=\"wp-block-spacer\"><\/div>\n\n\n<div class=\"wp-block-image icon-style is-style-default wp-duotone-dark-grayscale\">\n<figure class=\"aligncenter size-full\"><img decoding=\"async\" src=\"http:\/\/www.best-vision.com.pl\/wp-content\/themes\/neve\/assets\/img\/starter-content\/neve-marketing-icon-7.png\" alt=\"\"\/><\/figure>\n<\/div>\n\n\n<div style=\"height:24px\" aria-hidden=\"true\" class=\"wp-block-spacer\"><\/div>\n\n\n\n<h3 class=\"wp-block-heading has-text-align-center has-neve-text-color-color has-text-color\">Zadzwo\u0144 do nas!<\/h3>\n\n\n\n<p class=\"has-text-align-center has-neve-text-color-color has-text-color has-medium-font-size\">tel. 888 330 444<br><\/p>\n\n\n\n<div style=\"height:24px\" aria-hidden=\"true\" class=\"wp-block-spacer\"><\/div>\n<\/div><\/div>\n<\/div>\n\n\n\n<div class=\"wp-block-column ticss-f6fc7494 is-layout-flow wp-block-column-is-layout-flow\" style=\"padding-right:var(--wp--preset--spacing--30);padding-left:var(--wp--preset--spacing--30)\">\n<div class=\"wp-block-group countur has-nv-site-bg-background-color has-background\" style=\"border-radius:24px\"><div class=\"wp-block-group__inner-container is-layout-flow wp-block-group-is-layout-flow\">\n<div style=\"height:24px\" aria-hidden=\"true\" class=\"wp-block-spacer\"><\/div>\n\n\n<div class=\"wp-block-image icon-style is-style-default wp-duotone-dark-grayscale\">\n<figure class=\"aligncenter size-full\"><img decoding=\"async\" src=\"http:\/\/www.best-vision.com.pl\/wp-content\/themes\/neve\/assets\/img\/starter-content\/neve-marketing-icon-5.png\" alt=\"\"\/><\/figure>\n<\/div>\n\n\n<div style=\"height:24px\" aria-hidden=\"true\" class=\"wp-block-spacer\"><\/div>\n\n\n\n<h3 class=\"wp-block-heading has-text-align-center has-neve-text-color-color has-text-color\">Email<\/h3>\n\n\n\n<p class=\"has-text-align-center has-neve-text-color-color has-text-color has-medium-font-size\"><a href=\"mailto:bestvision@best-vision.com.pl\">bestvision@best-vision.com.pl<\/a><\/p>\n\n\n\n<div style=\"height:24px\" aria-hidden=\"true\" class=\"wp-block-spacer\"><\/div>\n<\/div><\/div>\n<\/div>\n\n\n\n<div class=\"wp-block-column ticss-a5b4df29 is-layout-flow wp-block-column-is-layout-flow\" style=\"padding-right:var(--wp--preset--spacing--30);padding-left:var(--wp--preset--spacing--30)\">\n<div class=\"wp-block-group countur has-nv-site-bg-background-color has-background\" style=\"border-radius:24px\"><div class=\"wp-block-group__inner-container is-layout-flow wp-block-group-is-layout-flow\">\n<div style=\"height:24px\" aria-hidden=\"true\" class=\"wp-block-spacer\"><\/div>\n\n\n<div class=\"wp-block-image icon-style is-style-default wp-duotone-dark-grayscale\">\n<figure class=\"aligncenter size-full\"><img decoding=\"async\" src=\"http:\/\/www.best-vision.com.pl\/wp-content\/themes\/neve\/assets\/img\/starter-content\/neve-marketing-icon-6.png\" alt=\"\"\/><\/figure>\n<\/div>\n\n\n<div style=\"height:24px\" aria-hidden=\"true\" class=\"wp-block-spacer\"><\/div>\n\n\n\n<h3 class=\"wp-block-heading has-text-align-center has-neve-text-color-color has-text-color\">Biuro<\/h3>\n\n\n\n<p class=\"has-text-align-center has-neve-text-color-color has-text-color has-medium-font-size\">ul. Leszczy\u0144ska 34A, <br>64-115 \u015awi\u0119ciechowa<\/p>\n\n\n\n<div style=\"height:24px\" aria-hidden=\"true\" class=\"wp-block-spacer\"><\/div>\n<\/div><\/div>\n<\/div>\n<\/div>\n\n\n\n<div style=\"height:30px\" aria-hidden=\"true\" class=\"wp-block-spacer\"><\/div>\n<\/div><\/div>\n","protected":false},"excerpt":{"rendered":"","protected":false},"author":1,"featured_media":0,"parent":0,"menu_order":0,"comment_status":"closed","ping_status":"closed","template":"","meta":{"neve_meta_sidebar":"","neve_meta_container":"","neve_meta_enable_content_width":"on","neve_meta_content_width":100,"neve_meta_title_alignment":"","neve_meta_author_avatar":"","neve_post_elements_order":"","neve_meta_disable_header":"","neve_meta_disable_footer":"","neve_meta_disable_title":"on","footnotes":""},"class_list":["post-7","page","type-page","status-publish","hentry"],"_links":{"self":[{"href":"http:\/\/www.best-vision.com.pl\/index.php?rest_route=\/wp\/v2\/pages\/7","targetHints":{"allow":["GET"]}}],"collection":[{"href":"http:\/\/www.best-vision.com.pl\/index.php?rest_route=\/wp\/v2\/pages"}],"about":[{"href":"http:\/\/www.best-vision.com.pl\/index.php?rest_route=\/wp\/v2\/types\/page"}],"author":[{"embeddable":true,"href":"http:\/\/www.best-vision.com.pl\/index.php?rest_route=\/wp\/v2\/users\/1"}],"replies":[{"embeddable":true,"href":"http:\/\/www.best-vision.com.pl\/index.php?rest_route=%2Fwp%2Fv2%2Fcomments&post=7"}],"version-history":[{"count":49,"href":"http:\/\/www.best-vision.com.pl\/index.php?rest_route=\/wp\/v2\/pages\/7\/revisions"}],"predecessor-version":[{"id":167,"href":"http:\/\/www.best-vision.com.pl\/index.php?rest_route=\/wp\/v2\/pages\/7\/revisions\/167"}],"wp:attachment":[{"href":"http:\/\/www.best-vision.com.pl\/index.php?rest_route=%2Fwp%2Fv2%2Fmedia&parent=7"}],"curies":[{"name":"wp","href":"https:\/\/api.w.org\/{rel}","templated":true}]}}